{"id":6107,"date":"2022-10-24T23:26:08","date_gmt":"2022-10-24T21:26:08","guid":{"rendered":"https:\/\/mersabouw.be\/?post_type=product&#038;p=6107"},"modified":"2022-10-26T00:42:17","modified_gmt":"2022-10-25T22:42:17","slug":"inrichting-afvoer-verzonken-vierkant-water-afvoertegel-mat-zwart","status":"publish","type":"product","link":"https:\/\/mersabouw.be\/fr\/produit\/ameublement-egouttoir-evier-carre-carreau-degouttage-tapis-noir\/","title":{"rendered":"Luminaires | Drainage | Encastr\u00e9 | Carr\u00e9 | Tuile d'\u00e9vacuation d'eau\/Matt noir"},"content":{"rendered":"","protected":false},"excerpt":{"rendered":"","protected":false},"featured_media":6111,"template":"","meta":[],"product_cat":[91,260],"product_tag":[],"_links":{"self":[{"href":"https:\/\/mersabouw.be\/fr\/wp-json\/wp\/v2\/product\/6107"}],"collection":[{"href":"https:\/\/mersabouw.be\/fr\/wp-json\/wp\/v2\/product"}],"about":[{"href":"https:\/\/mersabouw.be\/fr\/wp-json\/wp\/v2\/types\/product"}],"wp:featuredmedia":[{"embeddable":true,"href":"https:\/\/mersabouw.be\/fr\/wp-json\/wp\/v2\/media\/6111"}],"wp:attachment":[{"href":"https:\/\/mersabouw.be\/fr\/wp-json\/wp\/v2\/media?parent=6107"}],"wp:term":[{"taxonomy":"product_cat","embeddable":true,"href":"https:\/\/mersabouw.be\/fr\/wp-json\/wp\/v2\/product_cat?post=6107"},{"taxonomy":"product_tag","embeddable":true,"href":"https:\/\/mersabouw.be\/fr\/wp-json\/wp\/v2\/product_tag?post=6107"}],"curies":[{"name":"wp","href":"https:\/\/api.w.org\/{rel}","templated":true}]}}