{"id":6097,"date":"2022-10-24T23:23:54","date_gmt":"2022-10-24T21:23:54","guid":{"rendered":"https:\/\/mersabouw.be\/?post_type=product&#038;p=6097"},"modified":"2022-10-26T00:42:23","modified_gmt":"2022-10-25T22:42:23","slug":"inrichting-afvoer-verzonken-vierkant-water-afvoertegel-staal","status":"publish","type":"product","link":"https:\/\/mersabouw.be\/fr\/produit\/fixture-drain-sunken-square-water-drain-tile-steel\/","title":{"rendered":"Luminaires | Drainage | Encastr\u00e9 | Carr\u00e9 | Tuile d'\u00e9vacuation d'eau\/acier"},"content":{"rendered":"","protected":false},"excerpt":{"rendered":"","protected":false},"featured_media":6102,"template":"","meta":[],"product_cat":[91,260],"product_tag":[],"_links":{"self":[{"href":"https:\/\/mersabouw.be\/fr\/wp-json\/wp\/v2\/product\/6097"}],"collection":[{"href":"https:\/\/mersabouw.be\/fr\/wp-json\/wp\/v2\/product"}],"about":[{"href":"https:\/\/mersabouw.be\/fr\/wp-json\/wp\/v2\/types\/product"}],"wp:featuredmedia":[{"embeddable":true,"href":"https:\/\/mersabouw.be\/fr\/wp-json\/wp\/v2\/media\/6102"}],"wp:attachment":[{"href":"https:\/\/mersabouw.be\/fr\/wp-json\/wp\/v2\/media?parent=6097"}],"wp:term":[{"taxonomy":"product_cat","embeddable":true,"href":"https:\/\/mersabouw.be\/fr\/wp-json\/wp\/v2\/product_cat?post=6097"},{"taxonomy":"product_tag","embeddable":true,"href":"https:\/\/mersabouw.be\/fr\/wp-json\/wp\/v2\/product_tag?post=6097"}],"curies":[{"name":"wp","href":"https:\/\/api.w.org\/{rel}","templated":true}]}}