{"id":6029,"date":"2022-10-24T22:55:37","date_gmt":"2022-10-24T20:55:37","guid":{"rendered":"https:\/\/mersabouw.be\/?post_type=product&#038;p=6029"},"modified":"2022-10-26T00:43:21","modified_gmt":"2022-10-25T22:43:21","slug":"inrichting-design-badkamer-afvoer-verzonken-driekant-water-afvoertegel-geborsteld-staal-rvs","status":"publish","type":"product","link":"https:\/\/mersabouw.be\/fr\/produit\/luminaires-design-bathroom-drain-sunken-three-sided-water-drain-tile-brushed-steel-stainless-steel\/","title":{"rendered":"Luminaires | Design salle de bains | Drainage | Encastr\u00e9 | Triangulaire | Carreau d'\u00e9vacuation d'eau | Acier inoxydable bross\u00e9"},"content":{"rendered":"","protected":false},"excerpt":{"rendered":"","protected":false},"featured_media":6030,"template":"","meta":[],"product_cat":[91,260],"product_tag":[],"_links":{"self":[{"href":"https:\/\/mersabouw.be\/fr\/wp-json\/wp\/v2\/product\/6029"}],"collection":[{"href":"https:\/\/mersabouw.be\/fr\/wp-json\/wp\/v2\/product"}],"about":[{"href":"https:\/\/mersabouw.be\/fr\/wp-json\/wp\/v2\/types\/product"}],"wp:featuredmedia":[{"embeddable":true,"href":"https:\/\/mersabouw.be\/fr\/wp-json\/wp\/v2\/media\/6030"}],"wp:attachment":[{"href":"https:\/\/mersabouw.be\/fr\/wp-json\/wp\/v2\/media?parent=6029"}],"wp:term":[{"taxonomy":"product_cat","embeddable":true,"href":"https:\/\/mersabouw.be\/fr\/wp-json\/wp\/v2\/product_cat?post=6029"},{"taxonomy":"product_tag","embeddable":true,"href":"https:\/\/mersabouw.be\/fr\/wp-json\/wp\/v2\/product_tag?post=6029"}],"curies":[{"name":"wp","href":"https:\/\/api.w.org\/{rel}","templated":true}]}}