{"id":5772,"date":"2022-10-24T18:25:16","date_gmt":"2022-10-24T16:25:16","guid":{"rendered":"https:\/\/mersabouw.be\/?post_type=product&#038;p=5772"},"modified":"2022-10-25T22:18:54","modified_gmt":"2022-10-25T20:18:54","slug":"touchless-kraan-sensorkraan-warm-en-koud-mengkraan-ultima-mengkraan-batterijen-mat-zwart","status":"publish","type":"product","link":"https:\/\/mersabouw.be\/fr\/produit\/touchless-faucet-sensor-faucet-hot-and-cold-faucet-ultima-faucet-bat-black\/","title":{"rendered":"Robinet sans contact | Robinet \u00e0 capteur | Robinet m\u00e9langeur chaud et froid | Ultima | Robinet m\u00e9langeur Batter\u0131jen\/Matt Black"},"content":{"rendered":"","protected":false},"excerpt":{"rendered":"","protected":false},"featured_media":5768,"template":"","meta":[],"product_cat":[83,89],"product_tag":[],"_links":{"self":[{"href":"https:\/\/mersabouw.be\/fr\/wp-json\/wp\/v2\/product\/5772"}],"collection":[{"href":"https:\/\/mersabouw.be\/fr\/wp-json\/wp\/v2\/product"}],"about":[{"href":"https:\/\/mersabouw.be\/fr\/wp-json\/wp\/v2\/types\/product"}],"wp:featuredmedia":[{"embeddable":true,"href":"https:\/\/mersabouw.be\/fr\/wp-json\/wp\/v2\/media\/5768"}],"wp:attachment":[{"href":"https:\/\/mersabouw.be\/fr\/wp-json\/wp\/v2\/media?parent=5772"}],"wp:term":[{"taxonomy":"product_cat","embeddable":true,"href":"https:\/\/mersabouw.be\/fr\/wp-json\/wp\/v2\/product_cat?post=5772"},{"taxonomy":"product_tag","embeddable":true,"href":"https:\/\/mersabouw.be\/fr\/wp-json\/wp\/v2\/product_tag?post=5772"}],"curies":[{"name":"wp","href":"https:\/\/api.w.org\/{rel}","templated":true}]}}