{"id":176,"date":"2022-09-11T19:05:37","date_gmt":"2022-09-11T19:05:37","guid":{"rendered":"https:\/\/mersabouw.be\/?page_id=176"},"modified":"2022-11-22T15:36:54","modified_gmt":"2022-11-22T13:36:54","slug":"diensten","status":"publish","type":"page","link":"https:\/\/mersabouw.be\/fr\/services\/","title":{"rendered":"Services"},"content":{"rendered":"<section class=\"wpb-content-wrapper\"><div class=\"vc_row wpb_row vc_row-fluid vc_custom_1629294334695 wd-rs-611d0ef9044b0\"><div class=\"wpb_column vc_column_container vc_col-sm-6 reset-margin-mobile reset-margin-tablet wd-rs-637541f6c03cf\"><div class=\"vc_column-inner\"><div class=\"wpb_wrapper\">\t\t\t<div class=\"info-box-wrapper\">\n\t\t\t\t<div id=\"wd-63754571ae43b\" class=\"wd-rs-63754571ae43b wd-info-box wd-wpb text-left box-icon-align-right box-style- color-scheme- wd-bg-none\"  >\n\t\t\t\t\t\t\t\t\t\t\t<div class=\"box-icon-wrapper  box-with-icon box-icon-simple\">\n\t\t\t\t\t\t\t<div class=\"info-box-icon\">\n\n\t\t\t\t\t\t\t\n\t\t\t\t\t\t\t\t\t\t\t\t\t\t\t\t\t<img class=\"info-icon image-1\" src=\"https:\/\/mersabouw.be\/wp-content\/uploads\/2022\/11\/Totaalrenovatie-min.jpg\" width=\"400\" height=\"400\" alt=\"R\u00e9novation totale moins\" title=\"R\u00e9novation totale moins\" \/>\t\t\t\t\t\t\t\t\t\t\t\t\t\t\t\n\t\t\t\t\t\t\t<\/div>\n\t\t\t\t\t\t<\/div>\n\t\t\t\t\t\t\t\t\t\t<div class=\"info-box-content\">\n\t\t\t\t\t\t<h4 class=\"info-box-title title wd-font-weight- box-title-style-default wd-fontsize-m\">R\u00e9novation totale<\/h4>\t\t\t\t\t\t<div class=\"info-box-inner set-cont-mb-s reset-last-child\">\n\t\t\t\t\t\t\t<p>Vous cherchez un entrepreneur pour votre r\u00e9novation ?<\/p>\n<p>Nous sommes sp\u00e9cialis\u00e9s dans la r\u00e9novation totale de maisons et de locaux professionnels (plus petits) : d\u00e9capage complet et reconstruction.<\/p>\n\t\t\t\t\t\t<\/div>\n\n\t\t\t\t\t\t\t\t\t\t\t<\/div>\n\n\t\t\t\t\t\t\t\t\t<\/div>\n\t\t\t<\/div>\n\t\t\t\t\t<div class=\"info-box-wrapper\">\n\t\t\t\t<div id=\"wd-6375457614933\" class=\"wd-rs-6375457614933 wd-info-box wd-wpb text-left box-icon-align-right box-style- color-scheme- wd-bg-none\"  >\n\t\t\t\t\t\t\t\t\t\t\t<div class=\"box-icon-wrapper  box-with-icon box-icon-simple\">\n\t\t\t\t\t\t\t<div class=\"info-box-icon\">\n\n\t\t\t\t\t\t\t\n\t\t\t\t\t\t\t\t\t\t\t\t\t\t\t\t\t<img class=\"info-icon image-1\" src=\"https:\/\/mersabouw.be\/wp-content\/uploads\/2022\/11\/Nieuwbouw-min.jpg\" width=\"400\" height=\"400\" alt=\"Nouvelle construction - moins\" title=\"Nouvelle construction - moins\" \/>\t\t\t\t\t\t\t\t\t\t\t\t\t\t\t\n\t\t\t\t\t\t\t<\/div>\n\t\t\t\t\t\t<\/div>\n\t\t\t\t\t\t\t\t\t\t<div class=\"info-box-content\">\n\t\t\t\t\t\t<h4 class=\"info-box-title title wd-font-weight- box-title-style-default wd-fontsize-m\">Nouveau b\u00e2timent<\/h4>\t\t\t\t\t\t<div class=\"info-box-inner set-cont-mb-s reset-last-child\">\n\t\t\t\t\t\t\t<p>Avec notre \u00e9quipe polyvalente, nous nous occupons de la construction neuve d'une maison compl\u00e8te, des fondations au fa\u00eete du toit : tout cela en interne. Nous avons un concepteur et un architecte pour la conception, les dessins et les licences.<\/p>\n\t\t\t\t\t\t<\/div>\n\n\t\t\t\t\t\t\t\t\t\t\t<\/div>\n\n\t\t\t\t\t\t\t\t\t<\/div>\n\t\t\t<\/div>\n\t\t\t\t\t<div class=\"info-box-wrapper\">\n\t\t\t\t<div id=\"wd-63754db1e1fdc\" class=\"wd-rs-63754db1e1fdc wd-info-box wd-wpb text-left box-icon-align-right box-style- color-scheme- wd-bg-none\"  >\n\t\t\t\t\t\t\t\t\t\t\t<div class=\"box-icon-wrapper  box-with-icon box-icon-simple\">\n\t\t\t\t\t\t\t<div class=\"info-box-icon\">\n\n\t\t\t\t\t\t\t\n\t\t\t\t\t\t\t\t\t\t\t\t\t\t\t\t\t<img class=\"info-icon image-1\" src=\"https:\/\/mersabouw.be\/wp-content\/uploads\/2022\/11\/Dakwerk-min.jpg\" width=\"400\" height=\"400\" alt=\"Toiture-menton\" title=\"Toiture-menton\" \/>\t\t\t\t\t\t\t\t\t\t\t\t\t\t\t\n\t\t\t\t\t\t\t<\/div>\n\t\t\t\t\t\t<\/div>\n\t\t\t\t\t\t\t\t\t\t<div class=\"info-box-content\">\n\t\t\t\t\t\t<h4 class=\"info-box-title title wd-font-weight- box-title-style-default wd-fontsize-m\">Toiture<\/h4>\t\t\t\t\t\t<div class=\"info-box-inner set-cont-mb-s reset-last-child\">\n\t\t\t\t\t\t\t<p>Les travaux de toiture constituent un \u00e9l\u00e9ment indispensable de notre gamme de services de construction. Nous pouvons r\u00e9aliser ou r\u00e9nover tous les toits (sauf les toits de chaume), y compris la construction de toits en bois si n\u00e9cessaire.<\/p>\n\t\t\t\t\t\t<\/div>\n\n\t\t\t\t\t\t\t\t\t\t\t<\/div>\n\n\t\t\t\t\t\t\t\t\t<\/div>\n\t\t\t<\/div>\n\t\t\t\t\t<div class=\"info-box-wrapper\">\n\t\t\t\t<div id=\"wd-6375514ed1c6a\" class=\"wd-rs-6375514ed1c6a wd-info-box wd-wpb text-left box-icon-align-right box-style- color-scheme- wd-bg-none\"  >\n\t\t\t\t\t\t\t\t\t\t\t<div class=\"box-icon-wrapper  box-with-icon box-icon-simple\">\n\t\t\t\t\t\t\t<div class=\"info-box-icon\">\n\n\t\t\t\t\t\t\t\n\t\t\t\t\t\t\t\t\t\t\t\t\t\t\t\t\t<img class=\"info-icon image-1\" src=\"https:\/\/mersabouw.be\/wp-content\/uploads\/2022\/11\/Grond-kraanwerken-min.jpg\" width=\"400\" height=\"400\" alt=\"Travaux de terrassement et travaux de grue\" title=\"Travaux de terrassement et travaux de grue\" \/>\t\t\t\t\t\t\t\t\t\t\t\t\t\t\t\n\t\t\t\t\t\t\t<\/div>\n\t\t\t\t\t\t<\/div>\n\t\t\t\t\t\t\t\t\t\t<div class=\"info-box-content\">\n\t\t\t\t\t\t<h4 class=\"info-box-title title wd-font-weight- box-title-style-default wd-fontsize-m\">Travaux de terrassement et grues<\/h4>\t\t\t\t\t\t<div class=\"info-box-inner set-cont-mb-s reset-last-child\">\n\t\t\t\t\t\t\t<p>Vous avez besoin de travaux de terrassement tels que le nivellement du sol du b\u00e2timent et du jardin, l'installation de r\u00e9servoirs d'eau de pluie, l'excavation de fondations, de planchers ou de structures en b\u00e9ton ? Mersa Construction fournit divers services d'excavation avec des machines adapt\u00e9es.<\/p>\n\t\t\t\t\t\t<\/div>\n\n\t\t\t\t\t\t\t\t\t\t\t<\/div>\n\n\t\t\t\t\t\t\t\t\t<\/div>\n\t\t\t<\/div>\n\t\t\t\t\t<div class=\"info-box-wrapper\">\n\t\t\t\t<div id=\"wd-637be373a19b5\" class=\"wd-rs-637be373a19b5 wd-info-box wd-wpb text-left box-icon-align-right box-style- color-scheme- wd-bg-none\"  >\n\t\t\t\t\t\t\t\t\t\t\t<div class=\"box-icon-wrapper  box-with-icon box-icon-simple\">\n\t\t\t\t\t\t\t<div class=\"info-box-icon\">\n\n\t\t\t\t\t\t\t\n\t\t\t\t\t\t\t\t\t\t\t\t\t\t\t\t\t<img class=\"info-icon image-1\" src=\"https:\/\/mersabouw.be\/wp-content\/uploads\/2022\/11\/Smart-Home-System-min.jpg\" width=\"400\" height=\"400\" alt=\"Syst\u00e8me de maison intelligente-min\" title=\"Syst\u00e8me de maison intelligente-min\" \/>\t\t\t\t\t\t\t\t\t\t\t\t\t\t\t\n\t\t\t\t\t\t\t<\/div>\n\t\t\t\t\t\t<\/div>\n\t\t\t\t\t\t\t\t\t\t<div class=\"info-box-content\">\n\t\t\t\t\t\t<h4 class=\"info-box-title title wd-font-weight- box-title-style-default wd-fontsize-m\">Syst\u00e8me de maison intelligente<\/h4>\t\t\t\t\t\t<div class=\"info-box-inner set-cont-mb-s reset-last-child\">\n\t\t\t\t\t\t\t<p>Les appareils d'une maison intelligente sont connect\u00e9s via l'internet, ce qui permet \u00e0 l'utilisateur de contr\u00f4ler \u00e0 distance des fonctions telles que l'acc\u00e8s s\u00e9curis\u00e9 \u00e0 la maison, la temp\u00e9rature, l'\u00e9clairage et le cin\u00e9ma maison.<\/p>\n\t\t\t\t\t\t<\/div>\n\n\t\t\t\t\t\t\t\t\t\t\t<\/div>\n\n\t\t\t\t\t\t\t\t\t<\/div>\n\t\t\t<\/div>\n\t\t<\/div><\/div><\/div><div class=\"wpb_column vc_column_container vc_col-sm-6 wd-rs-637542001c811\"><div class=\"vc_column-inner\"><div class=\"wpb_wrapper\">\t\t\t<div class=\"info-box-wrapper\">\n\t\t\t\t<div id=\"wd-637be12d1f627\" class=\"wd-rs-637be12d1f627 wd-info-box wd-wpb text-left box-icon-align-right box-style- color-scheme- wd-bg-none\"  >\n\t\t\t\t\t\t\t\t\t\t\t<div class=\"box-icon-wrapper  box-with-icon box-icon-simple\">\n\t\t\t\t\t\t\t<div class=\"info-box-icon\">\n\n\t\t\t\t\t\t\t\n\t\t\t\t\t\t\t\t\t\t\t\t\t\t\t\t\t<img class=\"info-icon image-1\" src=\"https:\/\/mersabouw.be\/wp-content\/uploads\/2022\/11\/Isolatie-min.jpg\" width=\"400\" height=\"400\" alt=\"Isolation-min\" title=\"Isolation-min\" \/>\t\t\t\t\t\t\t\t\t\t\t\t\t\t\t\n\t\t\t\t\t\t\t<\/div>\n\t\t\t\t\t\t<\/div>\n\t\t\t\t\t\t\t\t\t\t<div class=\"info-box-content\">\n\t\t\t\t\t\t<h4 class=\"info-box-title title wd-font-weight- box-title-style-default wd-fontsize-m\">Isolation<\/h4>\t\t\t\t\t\t<div class=\"info-box-inner set-cont-mb-s reset-last-child\">\n\t\t\t\t\t\t\t<p>Mersa Bouw dispose de l'expertise n\u00e9cessaire pour isoler parfaitement votre maison. Ce faisant, nous isolons votre toit, vos sols, vos murs et vos fen\u00eatres. L'isolation n'est pas seulement bonne pour l'environnement, mais aussi pour votre porte-monnaie !<\/p>\n\t\t\t\t\t\t<\/div>\n\n\t\t\t\t\t\t\t\t\t\t\t<\/div>\n\n\t\t\t\t\t\t\t\t\t<\/div>\n\t\t\t<\/div>\n\t\t\t\t\t<div class=\"info-box-wrapper\">\n\t\t\t\t<div id=\"wd-6375656890283\" class=\"wd-rs-6375656890283 wd-info-box wd-wpb text-left box-icon-align-right box-style- color-scheme- wd-bg-none\"  >\n\t\t\t\t\t\t\t\t\t\t\t<div class=\"box-icon-wrapper  box-with-icon box-icon-simple\">\n\t\t\t\t\t\t\t<div class=\"info-box-icon\">\n\n\t\t\t\t\t\t\t\n\t\t\t\t\t\t\t\t\t\t\t\t\t\t\t\t\t<img class=\"info-icon image-1\" src=\"https:\/\/mersabouw.be\/wp-content\/uploads\/2022\/11\/Verwarming-min.jpg\" width=\"400\" height=\"400\" alt=\"Menton chauffant\" title=\"Menton chauffant\" \/>\t\t\t\t\t\t\t\t\t\t\t\t\t\t\t\n\t\t\t\t\t\t\t<\/div>\n\t\t\t\t\t\t<\/div>\n\t\t\t\t\t\t\t\t\t\t<div class=\"info-box-content\">\n\t\t\t\t\t\t<h4 class=\"info-box-title title wd-font-weight- box-title-style-default wd-fontsize-m\">Chauffage<\/h4>\t\t\t\t\t\t<div class=\"info-box-inner set-cont-mb-s reset-last-child\">\n\t\t\t\t\t\t\t<p>Mersa Bouw dispose de l'expertise n\u00e9cessaire pour isoler parfaitement votre maison. Ce faisant, nous isolons votre toit, vos sols, vos murs et vos fen\u00eatres. L'isolation n'est pas seulement bonne pour l'environnement, mais aussi pour votre porte-monnaie !<\/p>\n\t\t\t\t\t\t<\/div>\n\n\t\t\t\t\t\t\t\t\t\t\t<\/div>\n\n\t\t\t\t\t\t\t\t\t<\/div>\n\t\t\t<\/div>\n\t\t\t\t\t<div class=\"info-box-wrapper\">\n\t\t\t\t<div id=\"wd-6375679b648f4\" class=\"wd-rs-6375679b648f4 wd-info-box wd-wpb text-left box-icon-align-right box-style- color-scheme- wd-bg-none\"  >\n\t\t\t\t\t\t\t\t\t\t\t<div class=\"box-icon-wrapper  box-with-icon box-icon-simple\">\n\t\t\t\t\t\t\t<div class=\"info-box-icon\">\n\n\t\t\t\t\t\t\t\n\t\t\t\t\t\t\t\t\t\t\t\t\t\t\t\t\t<img class=\"info-icon image-1\" src=\"https:\/\/mersabouw.be\/wp-content\/uploads\/2022\/11\/sanitair-min.jpg\" width=\"400\" height=\"400\" alt=\"sanitaire-minus\" title=\"sanitaire-minus\" \/>\t\t\t\t\t\t\t\t\t\t\t\t\t\t\t\n\t\t\t\t\t\t\t<\/div>\n\t\t\t\t\t\t<\/div>\n\t\t\t\t\t\t\t\t\t\t<div class=\"info-box-content\">\n\t\t\t\t\t\t<h4 class=\"info-box-title title wd-font-weight- box-title-style-default wd-fontsize-m\">Plomberie<\/h4>\t\t\t\t\t\t<div class=\"info-box-inner set-cont-mb-s reset-last-child\">\n\t\t\t\t\t\t\t<p>L'entreprise de construction Euruk poss\u00e8de l'expertise n\u00e9cessaire pour isoler parfaitement votre maison. Ce faisant, nous isolons votre toit, vos sols, vos murs et vos fen\u00eatres. L'isolation n'est pas seulement bonne pour l'environnement, mais aussi pour votre porte-monnaie !<\/p>\n\t\t\t\t\t\t<\/div>\n\n\t\t\t\t\t\t\t\t\t\t\t<\/div>\n\n\t\t\t\t\t\t\t\t\t<\/div>\n\t\t\t<\/div>\n\t\t\t\t\t<div class=\"info-box-wrapper\">\n\t\t\t\t<div id=\"wd-6375687e4daf4\" class=\"wd-rs-6375687e4daf4 wd-info-box wd-wpb text-left box-icon-align-right box-style- color-scheme- wd-bg-none\"  >\n\t\t\t\t\t\t\t\t\t\t\t<div class=\"box-icon-wrapper  box-with-icon box-icon-simple\">\n\t\t\t\t\t\t\t<div class=\"info-box-icon\">\n\n\t\t\t\t\t\t\t\n\t\t\t\t\t\t\t\t\t\t\t\t\t\t\t\t\t<img class=\"info-icon image-1\" src=\"https:\/\/mersabouw.be\/wp-content\/uploads\/2022\/11\/Elektriciteit-min.jpg\" width=\"400\" height=\"400\" alt=\"\u00c9lectricit\u00e9 - moins\" title=\"\u00c9lectricit\u00e9 - moins\" \/>\t\t\t\t\t\t\t\t\t\t\t\t\t\t\t\n\t\t\t\t\t\t\t<\/div>\n\t\t\t\t\t\t<\/div>\n\t\t\t\t\t\t\t\t\t\t<div class=\"info-box-content\">\n\t\t\t\t\t\t<h4 class=\"info-box-title title wd-font-weight- box-title-style-default wd-fontsize-m\">\u00c9lectricit\u00e9<\/h4>\t\t\t\t\t\t<div class=\"info-box-inner set-cont-mb-s reset-last-child\">\n\t\t\t\t\t\t\t<p>L'entreprise de construction Euruk poss\u00e8de l'expertise n\u00e9cessaire pour isoler parfaitement votre maison. Ce faisant, nous isolons votre toit, vos sols, vos murs et vos fen\u00eatres. L'isolation n'est pas seulement bonne pour l'environnement, mais aussi pour votre porte-monnaie !<\/p>\n\t\t\t\t\t\t<\/div>\n\n\t\t\t\t\t\t\t\t\t\t\t<\/div>\n\n\t\t\t\t\t\t\t\t\t<\/div>\n\t\t\t<\/div>\n\t\t\t\t\t<div class=\"info-box-wrapper\">\n\t\t\t\t<div id=\"wd-637be28f07db3\" class=\"wd-rs-637be28f07db3 wd-info-box wd-wpb text-left box-icon-align-right box-style- color-scheme- wd-bg-none\"  >\n\t\t\t\t\t\t\t\t\t\t\t<div class=\"box-icon-wrapper  box-with-icon box-icon-simple\">\n\t\t\t\t\t\t\t<div class=\"info-box-icon\">\n\n\t\t\t\t\t\t\t\n\t\t\t\t\t\t\t\t\t\t\t\t\t\t\t\t\t<img class=\"info-icon image-1\" src=\"https:\/\/mersabouw.be\/wp-content\/uploads\/2022\/11\/measuring-min.jpg\" width=\"400\" height=\"400\" alt=\"mesure-minutes\" title=\"mesure-minutes\" \/>\t\t\t\t\t\t\t\t\t\t\t\t\t\t\t\n\t\t\t\t\t\t\t<\/div>\n\t\t\t\t\t\t<\/div>\n\t\t\t\t\t\t\t\t\t\t<div class=\"info-box-content\">\n\t\t\t\t\t\t<h4 class=\"info-box-title title wd-font-weight- box-title-style-default wd-fontsize-m\">Portes, fen\u00eatres, cuisine et salle de bains personnalis\u00e9es<\/h4>\t\t\t\t\t\t<div class=\"info-box-inner set-cont-mb-s reset-last-child\">\n\t\t\t\t\t\t\t<p>L'entreprise de construction Euruk poss\u00e8de l'expertise n\u00e9cessaire pour isoler parfaitement votre maison. Ce faisant, nous isolons votre toit, vos sols, vos murs et vos fen\u00eatres. L'isolation n'est pas seulement bonne pour l'environnement, mais aussi pour votre porte-monnaie !<\/p>\n\t\t\t\t\t\t<\/div>\n\n\t\t\t\t\t\t\t\t\t\t\t<\/div>\n\n\t\t\t\t\t\t\t\t\t<\/div>\n\t\t\t<\/div>\n\t\t<\/div><\/div><\/div><\/div><div class=\"vc_row wpb_row vc_row-fluid\"><div class=\"wpb_column vc_column_container vc_col-sm-12\"><div class=\"vc_column-inner\"><div class=\"wpb_wrapper\">\t\t<div id=\"gallery_148\" class=\"wd-images-gallery wd-rs-6357ceff71029 wd-justify-center wd-items-middle view-carousel photoswipe-images wd-carousel-spacing-0 wd-carousel-container\" data-owl-carousel data-wrap=\"no\" data-hide_pagination_control=\"no\" data-hide_prev_next_buttons=\"no\" data-desktop=\"1\" data-tablet=\"1\" data-tablet_landscape=\"1\" data-mobile=\"1\">\n\t\t\t<div class=\"gallery-images owl-carousel owl-items-lg-1 owl-items-md-1 owl-items-sm-1 owl-items-xs-1\">\n\t\t\t\t\t\t\t\t\t\t\t\t\t\t\t<div class=\"wd-gallery-item\">\n\t\t\t\t\t\t\t\t\t\t\t\t\t\t<a href=\"https:\/\/mersabouw.be\/wp-content\/uploads\/2022\/09\/mersabouw_slider_2-min.jpg\" data-elementor-open-lightbox=\"no\" data-index=\"1\" data-width=\"1180\" data-height=\"300\"  >\n\t\t\t\t\t\t\t\t\n\t\t\t\t\t\t\t\t\t\t\t\t\t\t\t\t\t<img width=\"1180\" height=\"300\" src=\"data:image\/jpg;base64,\/9j\/4AAQSkZJRgABAQAAAQABAAD\/2wBDAAYEBAUEBAYFBQUGBgYHCQ4JCQgICRINDQoOFRIWFhUSFBQXGiEcFxgfGRQUHScdHyIjJSUlFhwpLCgkKyEkJST\/2wBDAQYGBgkICREJCREkGBQYJCQkJCQkJCQkJCQkJCQkJCQkJCQkJCQkJCQkJCQkJCQkJCQkJCQkJCQkJCQkJCQkJCT\/wAARCAAKACgDASIAAhEBAxEB\/8QAGAABAQADAAAAAAAAAAAAAAAABQACAwT\/xAAnEAACAQMCBQQDAAAAAAAAAAABAgMABBEFEhMhMUFhFBUycUKBof\/EABQBAQAAAAAAAAAAAAAAAAAAAAT\/xAAcEQACAgMBAQAAAAAAAAAAAAABAwARAgQxBSH\/2gAMAwEAAhEDEQA\/ADbLQrl5kdNUjVF6qYhg\/wBpjSdPvI4ZBeX9uW3HayxjGO3f6oC0JEBANJWJO6MZPwo2bcwexi0LIqo8YHjYAncrDkwi5Hz1rb7ZxY2LwsfpMVzJPNiNeLJtB5DccCsZLmdVciaQHwx80M7zRwxw8xBH0QnVdPgQEiJx+qqM1e7ueGR6iXBz+Zqpq9lhF3AM0k45UBP\/2Q==\" class=\"wd-gallery-image image-1 attachment-full wd-lazy-load wd-lazy-fade\" alt=\"\" loading=\"lazy\" title=\"mersabouw_slider_2-min\" srcset=\"\" sizes=\"(max-width: 1180px) 100vw, 1180px\" data-wood-src=\"https:\/\/mersabouw.be\/wp-content\/uploads\/2022\/09\/mersabouw_slider_2-min.jpg\" data-srcset=\"https:\/\/mersabouw.be\/wp-content\/uploads\/2022\/09\/mersabouw_slider_2-min.jpg 1180w, https:\/\/mersabouw.be\/wp-content\/uploads\/2022\/09\/mersabouw_slider_2-min-150x38.jpg 150w, https:\/\/mersabouw.be\/wp-content\/uploads\/2022\/09\/mersabouw_slider_2-min-600x153.jpg 600w, https:\/\/mersabouw.be\/wp-content\/uploads\/2022\/09\/mersabouw_slider_2-min-768x195.jpg 768w, https:\/\/mersabouw.be\/wp-content\/uploads\/2022\/09\/mersabouw_slider_2-min-18x5.jpg 18w\" \/>\t\t\t\t\t\t\t\t\n\n\t\t\t\t\t\t\t\t\t\t\t\t\t\t\t<\/a>\n\t\t\t\t\t\t\t\t\t\t\t\t<\/div>\n\t\t\t\t\t\t\t\t\t\t\t<div class=\"wd-gallery-item\">\n\t\t\t\t\t\t\t\t\t\t\t\t\t\t<a href=\"https:\/\/mersabouw.be\/wp-content\/uploads\/2022\/09\/mersabouw_slider_3-min.jpg\" data-elementor-open-lightbox=\"no\" data-index=\"2\" data-width=\"1180\" data-height=\"300\"  >\n\t\t\t\t\t\t\t\t\n\t\t\t\t\t\t\t\t\t\t\t\t\t\t\t\t\t<img width=\"1180\" height=\"300\" src=\"data:image\/jpg;base64,\/9j\/4AAQSkZJRgABAQAAAQABAAD\/2wBDAAYEBAUEBAYFBQUGBgYHCQ4JCQgICRINDQoOFRIWFhUSFBQXGiEcFxgfGRQUHScdHyIjJSUlFhwpLCgkKyEkJST\/2wBDAQYGBgkICREJCREkGBQYJCQkJCQkJCQkJCQkJCQkJCQkJCQkJCQkJCQkJCQkJCQkJCQkJCQkJCQkJCQkJCQkJCT\/wAARCAAKACgDASIAAhEBAxEB\/8QAGQAAAgMBAAAAAAAAAAAAAAAAAAcEBggF\/8QAKBAAAQMDAwIHAQEAAAAAAAAAAQIDBQAEEQYSIRMxBxUiMkFhkRQj\/8QAGAEAAgMAAAAAAAAAAAAAAAAAAAMBAgT\/xAAeEQACAgICAwAAAAAAAAAAAAABAgADBBEFMSFBUf\/aAAwDAQACEQMRAD8AvUDBdFKC4sn64wKrPjNeyrNozDaVunbaWQgXrxQzuCmQSnbnB9WRnA77TSrfn5dLiwJW\/ALIyBcL5933UiPm5XztT3mV71P5Up39dW7G\/tnPasxzrG7krx1a+Yy7DXFrB670vESt3c3dxIRDLbi0MlP+61ZClJ4wDjnjjNMZzVulgpW+ctABkEbsYx3\/AD5rKUPIXlx422jz13cOu9RCd63CVY2jjJNdTXGopljUF+21LyDaA88AlNwsAAnkYz80PYxIG\/UulCAb1H1Lao0ikKUZ2P2nHCXBnnt+0VlJ2fl3B65W\/X6Ue64WexGPmilF2+x6Y6EdT\/\/Z\" class=\"wd-gallery-image image-2 attachment-full wd-lazy-load wd-lazy-fade\" alt=\"\" loading=\"lazy\" title=\"mersabouw_slider_3-min\" srcset=\"\" sizes=\"(max-width: 1180px) 100vw, 1180px\" data-wood-src=\"https:\/\/mersabouw.be\/wp-content\/uploads\/2022\/09\/mersabouw_slider_3-min.jpg\" data-srcset=\"https:\/\/mersabouw.be\/wp-content\/uploads\/2022\/09\/mersabouw_slider_3-min.jpg 1180w, https:\/\/mersabouw.be\/wp-content\/uploads\/2022\/09\/mersabouw_slider_3-min-150x38.jpg 150w, https:\/\/mersabouw.be\/wp-content\/uploads\/2022\/09\/mersabouw_slider_3-min-600x153.jpg 600w, https:\/\/mersabouw.be\/wp-content\/uploads\/2022\/09\/mersabouw_slider_3-min-768x195.jpg 768w, https:\/\/mersabouw.be\/wp-content\/uploads\/2022\/09\/mersabouw_slider_3-min-18x5.jpg 18w\" \/>\t\t\t\t\t\t\t\t\n\n\t\t\t\t\t\t\t\t\t\t\t\t\t\t\t<\/a>\n\t\t\t\t\t\t\t\t\t\t\t\t<\/div>\n\t\t\t\t\t\t\t\t\t\t\t<div class=\"wd-gallery-item\">\n\t\t\t\t\t\t\t\t\t\t\t\t\t\t<a href=\"https:\/\/mersabouw.be\/wp-content\/uploads\/2022\/09\/mersabouw_slider_1-min.jpg\" data-elementor-open-lightbox=\"no\" data-index=\"3\" data-width=\"1180\" data-height=\"300\"  >\n\t\t\t\t\t\t\t\t\n\t\t\t\t\t\t\t\t\t\t\t\t\t\t\t\t\t<img width=\"1180\" height=\"300\" src=\"data:image\/jpg;base64,\/9j\/4AAQSkZJRgABAQAAAQABAAD\/2wBDAAYEBAUEBAYFBQUGBgYHCQ4JCQgICRINDQoOFRIWFhUSFBQXGiEcFxgfGRQUHScdHyIjJSUlFhwpLCgkKyEkJST\/2wBDAQYGBgkICREJCREkGBQYJCQkJCQkJCQkJCQkJCQkJCQkJCQkJCQkJCQkJCQkJCQkJCQkJCQkJCQkJCQkJCQkJCT\/wAARCAAKACgDASIAAhEBAxEB\/8QAGQAAAgMBAAAAAAAAAAAAAAAAAAYDBQcE\/8QAJhAAAgEEAQMDBQAAAAAAAAAAAQIDAAQFESEGEjEiQWEHEyNCUf\/EABUBAQEAAAAAAAAAAAAAAAAAAAUG\/8QAGxEAAgIDAQAAAAAAAAAAAAAAAQIAAwQFESH\/2gAMAwEAAhEDEQA\/AHbOyQ2VpLMO2KGMert0WHBrPuosmtllbGCyiFxbzd\/3DIDGDpd8OeTz50DTp1mirLKAoAHgAfIrOZAJPqE4cdwCPwef0qV1u7uyPWEfu11Sr2KnWWYdMraWDTLazNIrLDBbkoFIOizN6m541oVFBkreS4lguBHb3KMNMD+KTfsD7H4PNU3UE8r9RX8rSu0kcY7HLEldSrrR9q58qzHN36Ekq8URYb4Y6Hn+1T1ZVinoMGuw6iOERhyuGiv4WkjOpE4ZaKqMPPLJZW7PK7EggksSTRSqZjOOsIacNV8Uz\/\/Z\" class=\"wd-gallery-image image-3 attachment-full wd-lazy-load wd-lazy-fade\" alt=\"\" loading=\"lazy\" title=\"mersabouw_slider_1-min\" srcset=\"\" sizes=\"(max-width: 1180px) 100vw, 1180px\" data-wood-src=\"https:\/\/mersabouw.be\/wp-content\/uploads\/2022\/09\/mersabouw_slider_1-min.jpg\" data-srcset=\"https:\/\/mersabouw.be\/wp-content\/uploads\/2022\/09\/mersabouw_slider_1-min.jpg 1180w, https:\/\/mersabouw.be\/wp-content\/uploads\/2022\/09\/mersabouw_slider_1-min-150x38.jpg 150w, https:\/\/mersabouw.be\/wp-content\/uploads\/2022\/09\/mersabouw_slider_1-min-600x153.jpg 600w, https:\/\/mersabouw.be\/wp-content\/uploads\/2022\/09\/mersabouw_slider_1-min-768x195.jpg 768w, https:\/\/mersabouw.be\/wp-content\/uploads\/2022\/09\/mersabouw_slider_1-min-18x5.jpg 18w\" \/>\t\t\t\t\t\t\t\t\n\n\t\t\t\t\t\t\t\t\t\t\t\t\t\t\t<\/a>\n\t\t\t\t\t\t\t\t\t\t\t\t<\/div>\n\t\t\t\t\t\t\t\t\t\t\t\t<\/div>\n\t\t<\/div>\n\t\t\t\t<\/div><\/div><\/div><\/div>\n<\/section>","protected":false},"excerpt":{"rendered":"R\u00e9novation totale Vous cherchez un entrepreneur pour votre r\u00e9novation ? Nous sommes sp\u00e9cialis\u00e9s dans la r\u00e9novation totale d'habitations et de locaux professionnels (plus modestes) : r\u00e9novation compl\u00e8te, r\u00e9novation d'un b\u00e2timent, r\u00e9novation d'une maison, r\u00e9novation d'un immeuble, etc.","protected":false},"author":1,"featured_media":0,"parent":0,"menu_order":0,"comment_status":"closed","ping_status":"closed","template":"","meta":[],"_links":{"self":[{"href":"https:\/\/mersabouw.be\/fr\/wp-json\/wp\/v2\/pages\/176"}],"collection":[{"href":"https:\/\/mersabouw.be\/fr\/wp-json\/wp\/v2\/pages"}],"about":[{"href":"https:\/\/mersabouw.be\/fr\/wp-json\/wp\/v2\/types\/page"}],"author":[{"embeddable":true,"href":"https:\/\/mersabouw.be\/fr\/wp-json\/wp\/v2\/users\/1"}],"replies":[{"embeddable":true,"href":"https:\/\/mersabouw.be\/fr\/wp-json\/wp\/v2\/comments?post=176"}],"version-history":[{"count":48,"href":"https:\/\/mersabouw.be\/fr\/wp-json\/wp\/v2\/pages\/176\/revisions"}],"predecessor-version":[{"id":8444,"href":"https:\/\/mersabouw.be\/fr\/wp-json\/wp\/v2\/pages\/176\/revisions\/8444"}],"wp:attachment":[{"href":"https:\/\/mersabouw.be\/fr\/wp-json\/wp\/v2\/media?parent=176"}],"curies":[{"name":"wp","href":"https:\/\/api.w.org\/{rel}","templated":true}]}}