{"id":10,"date":"2022-08-08T00:24:35","date_gmt":"2022-08-08T00:24:35","guid":{"rendered":"https:\/\/mersabouw.be\/index.php\/contact-us\/"},"modified":"2022-11-22T17:22:35","modified_gmt":"2022-11-22T15:22:35","slug":"contact","status":"publish","type":"page","link":"https:\/\/mersabouw.be\/fr\/contacter\/","title":{"rendered":"Contact"},"content":{"rendered":"<section class=\"wpb-content-wrapper\"><div class=\"vc_row wpb_row vc_row-fluid\"><div class=\"wpb_column vc_column_container vc_col-sm-3\/5\"><div class=\"vc_column-inner\"><div class=\"wpb_wrapper\">\n\t<div class=\"wpb_text_column wpb_content_element\" >\n\t\t<div class=\"wpb_wrapper\">\n\t\t\t<h3 class=\"text title font_head\">Demande d'informations et offre<\/h3>\n<div class=\"text message font_intro\">Vous avez une question ou vous souhaitez demander directement un devis ? Remplissez ensuite vos coordonn\u00e9es ci-dessous de la mani\u00e8re la plus compl\u00e8te possible et d\u00e9crivez clairement votre question ou le travail souhait\u00e9. Nous vous contacterons d\u00e8s que possible.<\/div>\n<div role=\"form\" class=\"wpcf7\" id=\"wpcf7-f8323-o1\" lang=\"tr-TR\" dir=\"ltr\">\n<div class=\"screen-reader-response\"><p role=\"status\" aria-live=\"polite\" aria-atomic=\"true\"><\/p> <ul><\/ul><\/div>\n<form action=\"\/fr\/wp-json\/wp\/v2\/pages\/10#wpcf7-f8323-o1\" method=\"post\" class=\"wpcf7-form init\" novalidate=\"novalidate\" data-status=\"init\" data-trp-original-action=\"\/fr\/wp-json\/wp\/v2\/pages\/10#wpcf7-f8323-o1\">\n<div style=\"display: none;\">\n<input type=\"hidden\" name=\"_wpcf7\" value=\"8323\" \/>\n<input type=\"hidden\" name=\"_wpcf7_version\" value=\"5.6.4\" \/>\n<input type=\"hidden\" name=\"_wpcf7_locale\" value=\"tr_TR\" \/>\n<input type=\"hidden\" name=\"_wpcf7_unit_tag\" value=\"wpcf7-f8323-o1\" \/>\n<input type=\"hidden\" name=\"_wpcf7_container_post\" value=\"0\" \/>\n<input type=\"hidden\" name=\"_wpcf7_posted_data_hash\" value=\"\" \/>\n<\/div>\n<p><label> Nom<br \/>\n    <span class=\"wpcf7-form-control-wrap\" data-name=\"your-name\"><input type=\"text\" name=\"your-name\" value=\"\" size=\"40\" class=\"wpcf7-form-control wpcf7-text wpcf7-validates-as-required\" aria-required=\"true\" aria-invalid=\"false\" \/><\/span> <\/label><\/p>\n<p><label> Adresse \u00e9lectronique<br \/>\n    <span class=\"wpcf7-form-control-wrap\" data-name=\"your-email\"><input type=\"email\" name=\"your-email\" value=\"\" size=\"40\" class=\"wpcf7-form-control wpcf7-text wpcf7-email wpcf7-validates-as-required wpcf7-validates-as-email\" aria-required=\"true\" aria-invalid=\"false\" \/><\/span> <\/label><\/p>\n<p><label> Sujet<br \/>\n    <span class=\"wpcf7-form-control-wrap\" data-name=\"your-subject\"><input type=\"text\" name=\"your-subject\" value=\"\" size=\"40\" class=\"wpcf7-form-control wpcf7-text wpcf7-validates-as-required\" aria-required=\"true\" aria-invalid=\"false\" \/><\/span> <\/label><\/p>\n<p><label> Votre message<br \/>\n    <span class=\"wpcf7-form-control-wrap\" data-name=\"your-message\"><textarea name=\"your-message\" cols=\"40\" rows=\"10\" class=\"wpcf7-form-control wpcf7-textarea\" aria-invalid=\"false\"><\/textarea><\/span> <\/label><\/p>\n<p><input type=\"submit\" value=\"Envoyer\" class=\"wpcf7-form-control has-spinner wpcf7-submit\" \/><\/p>\n<div class=\"wpcf7-response-output\" aria-hidden=\"true\"><\/div><input type=\"hidden\" name=\"trp-form-language\" value=\"fr\"\/><\/form><\/div>\n\n\t\t<\/div>\n\t<\/div>\n<\/div><\/div><\/div><div class=\"wpb_column vc_column_container vc_col-sm-2\/5\"><div class=\"vc_column-inner\"><div class=\"wpb_wrapper\">\n\t<div class=\"wpb_text_column wpb_content_element\" >\n\t\t<div class=\"wpb_wrapper\">\n\t\t\t<h3>Obtenez des r\u00e9ponses \u00e0 toutes les questions que vous vous posez.<\/h3>\n<p>Nous r\u00e9pondons ici \u00e0 toutes vos questions sur nos ventes en ligne. Du lundi au vendredi de 09h00 \u00e0 17h00.<\/p>\n\n\t\t<\/div>\n\t<\/div>\n\t\t\t<div class=\"info-box-wrapper\">\n\t\t\t\t<div id=\"wd-637bde75c6811\" class=\"wd-rs-637bde75c6811 wd-info-box wd-wpb text-left box-icon-align-left box-style- color-scheme- wd-bg-none vc_custom_1669062268423\"  >\n\t\t\t\t\t\t\t\t\t\t\t<div class=\"box-icon-wrapper  box-with-icon box-icon-simple\">\n\t\t\t\t\t\t\t<div class=\"info-box-icon\">\n\n\t\t\t\t\t\t\t\n\t\t\t\t\t\t\t\t\t\t\t\t\t\t\t\t\t<div class=\"info-svg-wrapper info-icon\" style=\"width: 40px;height: 40px;\"><svg xmlns=\"http:\/\/www.w3.org\/2000\/svg\" width=\"24\" height=\"24\" viewbox=\"0 0 24 24\" fill=\"none\"><g clip-path=\"url(#clip0)\"><path d=\"M23.7428 18.201C22.8494 16.5121 19.7469 14.6808 19.6103 14.6007C19.2117 14.3738 18.7957 14.2537 18.4064 14.2537C17.8275 14.2537 17.3537 14.5189 17.0667 15.0011C16.6129 15.544 16.0501 16.1784 15.9135 16.2767C14.8563 16.994 14.0288 16.9125 13.1131 15.9969L8.00275 10.8861C7.09288 9.97619 7.00924 9.13841 7.72156 8.08706C7.82122 7.94957 8.45568 7.3863 8.99849 6.93204C9.34464 6.72604 9.58222 6.41993 9.68634 6.04442C9.82471 5.54477 9.72282 4.95703 9.39625 4.38441C9.31927 4.25271 7.48708 1.14983 5.79905 0.256867C5.48404 0.090021 5.129 0.00192642 4.77306 0.00192642C4.18665 0.00192642 3.63495 0.230617 3.22028 0.644839L2.09107 1.77361C0.305148 3.55908 -0.341324 5.58303 0.168557 7.78896C0.593903 9.62738 1.83346 11.5837 3.8534 13.6032L10.396 20.1458C12.9525 22.7023 15.3898 23.9988 17.6402 23.9988C17.6402 23.9988 17.6402 23.9988 17.6407 23.9988C19.2958 23.9988 20.8388 23.2954 22.2256 21.9086L23.3544 20.7798C24.0404 20.0942 24.1961 19.0575 23.7428 18.201Z\" fill=\"#F5B332\"><\/path><\/g><defs><clippath id=\"svg-1320\"><rect width=\"24\" height=\"24\" fill=\"white\"><\/rect><\/clippath><\/defs><\/svg> <\/div>\t\t\t\t\t\t\t\t\t\t\t\t\t\t\t\n\t\t\t\t\t\t\t<\/div>\n\t\t\t\t\t\t<\/div>\n\t\t\t\t\t\t\t\t\t\t<div class=\"info-box-content\">\n\t\t\t\t\t\t\t\t\t\t\t\t<div class=\"info-box-inner set-cont-mb-s reset-last-child\">\n\t\t\t\t\t\t\t<p><span style=\"color: #333333;\"><strong>T\u00e9l\u00e9phone :<\/strong><\/span><br \/>\n0466 02 56 07<br \/>\n0494 19 77 84<\/p>\n\t\t\t\t\t\t<\/div>\n\n\t\t\t\t\t\t\t\t\t\t\t<\/div>\n\n\t\t\t\t\t\t\t\t\t<\/div>\n\t\t\t<\/div>\n\t\t\t\t\t<div class=\"info-box-wrapper\">\n\t\t\t\t<div id=\"wd-637bde7e0ccce\" class=\"wd-rs-637bde7e0ccce wd-info-box wd-wpb text-left box-icon-align-left box-style- color-scheme- wd-bg-none vc_custom_1669062274105\"  >\n\t\t\t\t\t\t\t\t\t\t\t<div class=\"box-icon-wrapper  box-with-icon box-icon-simple\">\n\t\t\t\t\t\t\t<div class=\"info-box-icon\">\n\n\t\t\t\t\t\t\t\n\t\t\t\t\t\t\t\t\t\t\t\t\t\t\t\t\t<div class=\"info-svg-wrapper info-icon\" style=\"width: 40px;height: 40px;\"><svg xmlns=\"http:\/\/www.w3.org\/2000\/svg\" xmlns:xlink=\"http:\/\/www.w3.org\/1999\/xlink\" width=\"35.56\" height=\"24.745\" viewbox=\"0 0 194 135\"><image id=\"svg-7146\" data-name=\"Katman 1\" width=\"194\" height=\"135\" xlink:href=\"data:img\/png;base64,iVBORw0KGgoAAAANSUhEUgAAACQAAAAZCAYAAABZ5IzrAAAE60lEQVRIib1XTWwVVRT+zr135v32QYuVSrHlJ\/QJRtGoQYhg3EhYuCAk7gwxLokmxi3uJGzYKIkLFmJMTFyZSkzQJRpTFkZ+NIVCoRRQ+St9r2\/e9M27M\/eYe+e1\/PS1gFrOZDYzc8\/57jnf\/c4ZMkdfBOVWrObayPMwcQCSeKzGMSALBfKXnuZm5ZKi7FNAkrxFzalPIfMAm8cLCAJoVgCv8wPK9x8UEIV1HF44xDK7F0ZbyABozrJFMbt5NmDp7WV98xDIGxDwSm9Q8\/YI\/OI+zvV8CNME2AIji2yRbmJw4srFyv8I0t9HzdoFkLdDITg3Bnh9lJhfsWTNy1BL\/kY4\/g2MJpDkxclMTBAKKK7fDRN+RbXR42DuhZAXFeqjBqoA6OAlVE5f4+KqHnjFcWpMDIEEtTL1f6IhR2TviS2QmSEKr14FqDd9RyxmiSw8IK4vp+rwFEx4nL3sNscpTuj\/4RTZOAQTg73868z1IUyeqkJXeyEysx+Je9YIjwHZQXEUQGZ\/5uLqV1JH+r+BsmFMRI7A+Z5NEN5PpBsBgFIa804R1NzFxDBcIN2YQqG7E97SlagOX3F1\/7ecSiKCKgEdA2sJ8UVUh6tgLrTzJ+YsRitTSdSByZMxdMVjP7cEQAPMj54mt4Yb7BdLMA2N6jCD41I7MPMDsim0oOzRDMbGkERr2c\/lIETd8eBRwAgRcqaYg769GtXfLzuf5LUFswCgFii7C\/JASXICJt4Ile93x9URfSEjpLLBgMr2wSQbKUlOgfzUJ+bFsxCglllOgUFan2Sju5FfSZDZ6zDx\/KAsgf2uKeT7iI3uolifTBvAgyXkwYDsdq0bKT8nmBswzfUs1UoIcT4t3z28IveMaJS9wjKQegbgCbvWZeUhOLgAIEpFzESAoAOs\/D1gcxj1K8Nk4reR7x2Al\/\/W6orLFsep4KncERT616E5sQu1c2eI+UuWag+kPJC2JLOQhPDcYz\/7KiHX1wr9HzPiT9C4\/gNYbnfjSdz8GpjcgkzXLqjia9DBfhdEqL0sxDFqVj6jWL8PUm6SgIl+5NzT2ynrTSAY3Q+yl2hXPjMPIHYiho7ye8j3fkHVP44hibdBKp7NnA72gHkHVPYdqMxWB9QkmyiqngXH5XSuSoOSMW8iDodQ2rAZJK+hdv4wiNq1pXguoFQ3wJ6\/kygZxOSJs9DVMmTurtNB7FpNUl+DJPwFRDdbZehOX6t7A4ksEN16FZXfRjjTWYaXnaQ4GgQk3Uf0RGA2SqvXsAYr9S6EGkT90jj0VBnCb3NUOQ2cZqIboO4U1Jxdu106HzocoPqf4xDyO\/YKux2n3Gmd5RQrJA12zc1YwZJAcdVOJLVBmr4xAqg+iHYB7kf2kCYUg00f6cYIl9aXkY0nEF7+HnF4J5nIPJmCsZnJdr8Ar3OQ9PQtMAYeRjce2SyZ2QxQMFZlVTyK3Irn3OFxGScjUHq2C2Ya7OU2IKlfROVUBF1blpZpkcy2jjgo0eSJBkfXrnCmY4OTDKOXC0AlrHJbAfxFOpgCJ74jbCp4i3TbHmdnIPZIhxWQnOD8is2Ig2k78g9SYa1P0VTFYXhsv0GuVzp8FNWuU7FsoIpHFAdnQN6yIvylB8F6HCTtVzPDvf0nunvQj1verFzMSMZMaduVeMbH3X5mnltfGhAhkPQgvFxgkcE\/XqZrgUUMrEYAAAAASUVORK5CYII=\"><\/image><\/svg> <\/div>\t\t\t\t\t\t\t\t\t\t\t\t\t\t\t\n\t\t\t\t\t\t\t<\/div>\n\t\t\t\t\t\t<\/div>\n\t\t\t\t\t\t\t\t\t\t<div class=\"info-box-content\">\n\t\t\t\t\t\t\t\t\t\t\t\t<div class=\"info-box-inner set-cont-mb-s reset-last-child\">\n\t\t\t\t\t\t\t<p><span style=\"color: #333333;\"><strong>Courriel :<\/strong><\/span><br \/>\ninfo@mersabouw.be<\/p>\n\t\t\t\t\t\t<\/div>\n\n\t\t\t\t\t\t\t\t\t\t\t<\/div>\n\n\t\t\t\t\t\t\t\t\t<\/div>\n\t\t\t<\/div>\n\t\t\t\t\t<div class=\"info-box-wrapper\">\n\t\t\t\t<div id=\"wd-637bde8698177\" class=\"wd-rs-637bde8698177 wd-info-box wd-wpb text-left box-icon-align-left box-style- color-scheme- wd-bg-none vc_custom_1669062282864\"  >\n\t\t\t\t\t\t\t\t\t\t\t<div class=\"box-icon-wrapper  box-with-icon box-icon-simple\">\n\t\t\t\t\t\t\t<div class=\"info-box-icon\">\n\n\t\t\t\t\t\t\t\n\t\t\t\t\t\t\t\t\t\t\t\t\t\t\t\t\t<img class=\"info-icon image-1\" src=\"https:\/\/mersabouw.be\/wp-content\/uploads\/2022\/11\/placeholder-v1-min-40x40.png\" width=\"40\" height=\"40\" alt=\"placeholder-v1-min\" title=\"placeholder-v1-min\" \/>\t\t\t\t\t\t\t\t\t\t\t\t\t\t\t\n\t\t\t\t\t\t\t<\/div>\n\t\t\t\t\t\t<\/div>\n\t\t\t\t\t\t\t\t\t\t<div class=\"info-box-content\">\n\t\t\t\t\t\t\t\t\t\t\t\t<div class=\"info-box-inner set-cont-mb-s reset-last-child\">\n\t\t\t\t\t\t\t<p><span style=\"color: #333333;\"><strong>Adresse :<\/strong><\/span><br \/>\nMechelsesteenweg 235 1\/1<br \/>\n1800 Vilvorde<\/p>\n\t\t\t\t\t\t<\/div>\n\n\t\t\t\t\t\t\t\t\t\t\t<\/div>\n\n\t\t\t\t\t\t\t\t\t<\/div>\n\t\t\t<\/div>\n\t\t\n\t<div  class=\"wpb_single_image wpb_content_element vc_align_left vc_custom_1669062796052\">\n\t\t\n\t\t<figure class=\"wpb_wrapper vc_figure\">\n\t\t\t<div class=\"vc_single_image-wrapper   vc_box_border_grey\"><\/div>\n\t\t<\/figure>\n\t<\/div>\n<\/div><\/div><\/div><\/div><div data-vc-full-width=\"true\" data-vc-full-width-init=\"false\" data-vc-stretch-content=\"true\" class=\"vc_row wpb_row vc_row-fluid vc_custom_1629883533975 vc_row-no-padding wd-rs-61260c8610e36\"><div class=\"wpb_column vc_column_container vc_col-sm-12\"><div class=\"vc_column-inner\"><div class=\"wpb_wrapper\">\n\t<div class=\"wpb_text_column wpb_content_element\" >\n\t\t<div class=\"wpb_wrapper\">\n\t\t\t<p style=\"text-align: center;\"><iframe loading=\"lazy\" style=\"border: 0;\" src=\"https:\/\/www.google.com\/maps\/embed?pb=!1m14!1m8!1m3!1d10056.871204513252!2d4.431727!3d50.938185!3m2!1i1024!2i768!4f13.1!3m3!1m2!1s0x0%3A0x289adf179c3dad3a!2sMersa%20Bouw!5e0!3m2!1str!2sbe!4v1669130501951!5m2!1str!2sbe\" width=\"1600\" height=\"450\" allowfullscreen=\"allowfullscreen\"><\/iframe><\/p>\n\n\t\t<\/div>\n\t<\/div>\n<\/div><\/div><\/div><\/div><div class=\"vc_row-full-width vc_clearfix\"><\/div>\n<\/section>","protected":false},"excerpt":{"rendered":"Demande d'informations et de devis Vous avez une question ou souhaitez demander un devis directement ? Dans ce cas, veuillez saisir vos coordonn\u00e9es ci-dessous","protected":false},"author":1,"featured_media":0,"parent":0,"menu_order":0,"comment_status":"closed","ping_status":"closed","template":"","meta":[],"_links":{"self":[{"href":"https:\/\/mersabouw.be\/fr\/wp-json\/wp\/v2\/pages\/10"}],"collection":[{"href":"https:\/\/mersabouw.be\/fr\/wp-json\/wp\/v2\/pages"}],"about":[{"href":"https:\/\/mersabouw.be\/fr\/wp-json\/wp\/v2\/types\/page"}],"author":[{"embeddable":true,"href":"https:\/\/mersabouw.be\/fr\/wp-json\/wp\/v2\/users\/1"}],"replies":[{"embeddable":true,"href":"https:\/\/mersabouw.be\/fr\/wp-json\/wp\/v2\/comments?post=10"}],"version-history":[{"count":35,"href":"https:\/\/mersabouw.be\/fr\/wp-json\/wp\/v2\/pages\/10\/revisions"}],"predecessor-version":[{"id":8448,"href":"https:\/\/mersabouw.be\/fr\/wp-json\/wp\/v2\/pages\/10\/revisions\/8448"}],"wp:attachment":[{"href":"https:\/\/mersabouw.be\/fr\/wp-json\/wp\/v2\/media?parent=10"}],"curies":[{"name":"wp","href":"https:\/\/api.w.org\/{rel}","templated":true}]}}